{"id":713,"date":"2018-10-19T19:35:37","date_gmt":"2018-10-19T19:35:37","guid":{"rendered":"http:\/\/wordpress-89239-751427.cloudwaysapps.com\/?page_id=713"},"modified":"2018-10-19T19:35:37","modified_gmt":"2018-10-19T19:35:37","slug":"homepage-video-standard","status":"publish","type":"page","link":"https:\/\/kaisdosol.pt\/pt\/homepage-video-standard\/","title":{"rendered":"Homepage &#8211; Video Standard"},"content":{"rendered":"<p>[vc_row][vc_column]<div style=\"clear:both; width:100%; height:50px\"><\/div>\t\t<div class=\"homey-module module-title section-title-module text-left \">\r\n\t\t\t<h2 >Our Featured Homes<\/h2>\r\n\r\n\t\t\t<p  class=\"sub-heading\">Hand-picked selection of quality places<\/p>\r\n\t\t<\/div>\r\n\t\t<div style=\"clear:both; width:100%; height:30px\"><\/div>\r\n\t\t<div class=\"module-wrap property-module-grid listing-carousel-next-prev-4pxEh property-module-grid-slider property-module-grid-slider-3cols\">\r\n\t\t\t<div class=\"listing-wrap item-grid-view\">\r\n\t\t\t\t<div class=\"row\">\r\n\t\t\t\t\t<div id=\"homey-listing-carousel-4pxEh\" data-token=\"4pxEh\" class=\"homey-carousel homey-carouse-elementor item-grid-slider-view item-grid-slider-view-3cols\">\r\n\t\t\t\t\t\t\t\t\t\t\t<\/div>\r\n\t\t\t\t<\/div>\r\n\t\t\t<\/div><!-- grid-listing-page -->\r\n\t\t<\/div>\r\n\t\t\r\n\t\t<div style=\"clear:both; width:100%; height:30px\"><\/div>[\/vc_column][\/vc_row][vc_row full_width=&#8221;stretch_row&#8221; css=&#8221;.vc_custom_1539966302417{margin-top: -20px !important;background-color: #ffffff !important;}&#8221;][vc_column]<div style=\"clear:both; width:100%; height:50px\"><\/div>\t\t<div class=\"homey-module module-title section-title-module text-left \">\r\n\t\t\t<h2 >Trending Destinations<\/h2>\r\n\r\n\t\t\t<p  class=\"sub-heading\">Explore our selection of the best places around the world<\/p>\r\n\t\t<\/div>\r\n\t\t<div style=\"clear:both; width:100%; height:30px\"><\/div>\r\n\t\t<div class=\"module-wrap taxonomy-grid taxonomy-grid-4\">\r\n\t\t\t<div class=\"row\">\r\n\t\t\t\t\t\t\t\t\r\n\t\t\t<\/div>\r\n\t\t<\/div>\r\n\t\t\r\n\t\t<div style=\"clear:both; width:100%; height:30px\"><\/div>[\/vc_column][\/vc_row][vc_row full_width=&#8221;stretch_row&#8221; parallax=&#8221;content-moving&#8221; parallax_image=&#8221;1890&#8243; css=&#8221;.vc_custom_1550069938712{padding-top: 100px !important;padding-bottom: 130px !important;}&#8221; el_class=&#8221;white-text&#8221;][vc_column][vc_row_inner css=&#8221;.vc_custom_1542040672265{margin-right: 15px !important;margin-left: 15px !important;padding-top: 50px !important;padding-right: 50px !important;padding-bottom: 30px !important;padding-left: 50px !important;background-color: rgba(241,94,117,0.95) !important;*background-color: rgb(241,94,117) !important;}&#8221;][vc_column_inner]\t\t<div class=\"homey-module module-title section-title-module text-center homey-section-title-dark\">\r\n\t\t\t<h2 >General Features<\/h2>\r\n\r\n\t\t\t<p  class=\"sub-heading\"><\/p>\r\n\t\t<\/div>\r\n\t\t<div style=\"clear:both; width:100%; height:50px\"><\/div>[text_with_icons style=&#8221;style_two&#8221; columns=&#8221;three_columns&#8221;][text_with_icon icon_type=&#8221;custom_icon&#8221; custom_icon=&#8221;1890&#8243; title=&#8221;Payment Gateways&#8221; text=&#8221;Fully integrated with most popular payment gateways. Send and receive payments straight out of the box.&#8221; read_more_text=&#8221;&#8221; read_more_link=&#8221;&#8221;][text_with_icon icon_type=&#8221;custom_icon&#8221; custom_icon=&#8221;1890&#8243; title=&#8221;Booking System&#8221; text=&#8221;Homey is a powerful booking platform that lets you run a residential or commercial<br \/>\nrental business online with no hassle.&#8221; read_more_text=&#8221;&#8221; read_more_link=&#8221;&#8221;][text_with_icon icon_type=&#8221;custom_icon&#8221; custom_icon=&#8221;1890&#8243; title=&#8221;Reservation Requests&#8221; text=&#8221;Follow a reservation from start to end. Get email notifications and be always on point on their status.&#8221; read_more_text=&#8221;&#8221; read_more_link=&#8221;&#8221;][text_with_icon icon_type=&#8221;custom_icon&#8221; custom_icon=&#8221;1890&#8243; title=&#8221;Instant Booking&#8221; text=&#8221;Guests simply choose their travel dates to book with you immediately. It doesn\u2019t require any kind of approval from the host.&#8221; read_more_text=&#8221;&#8221; read_more_link=&#8221;&#8221;][text_with_icon icon_type=&#8221;custom_icon&#8221; custom_icon=&#8221;1890&#8243; title=&#8221;Management System&#8221; text=&#8221;Administrate your properties, reservation requests, availability calendar and much more from an easy to use front end panel.&#8221; read_more_text=&#8221;&#8221; read_more_link=&#8221;&#8221;][text_with_icon icon_type=&#8221;custom_icon&#8221; custom_icon=&#8221;1890&#8243; title=&#8221;Front-end Submissions&#8221; text=&#8221;Allow your users to log in and submit listings information from the front end of your website.&#8221; read_more_text=&#8221;&#8221; read_more_link=&#8221;&#8221;][\/text_with_icons][\/vc_column_inner][\/vc_row_inner][\/vc_column][\/vc_row][vc_row full_width=&#8221;stretch_row&#8221; css=&#8221;.vc_custom_1540225486937{background-color: #f1f2f3 !important;}&#8221;][vc_column]<div style=\"clear:both; width:100%; height:50px\"><\/div>\t\t<div class=\"homey-module module-title section-title-module text-center \">\r\n\t\t\t<h2 >Your Home Kind<\/h2>\r\n\r\n\t\t\t<p  class=\"sub-heading\">Find a home that fits your comfort<\/p>\r\n\t\t<\/div>\r\n\t\t<div style=\"clear:both; width:100%; height:30px\"><\/div>\r\n\t\t<div class=\"module-wrap taxonomy-grid taxonomy-grid-2\">\r\n\t\t\t<div class=\"row\">\r\n\t\t\t\t\r\n\t\t\t\t\t<div class=\"col-lg-6 col-md-6 col-sm-6 col-xs-12\">\r\n\t\t\t\t\t\t<div class=\"taxonomy-item taxonomy-card\">\r\n\t\t\t\t\t\t\t<a class=\"taxonomy-link hover-effect\" href=\"\/search-results\/?listing_type=apartment\">\r\n\t\t\t\t\t\t\t\t<div class=\"taxonomy-title\">Apartamento<\/div>\r\n\t\t\t\t\t\t\t\t<img class=\"img-responsive\" src=\"https:\/\/placehold.it\/555x262\" width=\"555\" height=\"262\" alt=\"listing_type\">\r\n\t\t\t\t\t\t\t<\/a>\r\n\t\t\t\t\t\t<\/div>\r\n\t\t\t\t\t<\/div>\r\n\r\n\t\t\t\t\t\r\n\t\t\t\t\t<div class=\"col-lg-3 col-md-3 col-sm-3 col-xs-6\">\r\n\t\t\t\t\t\t<div class=\"taxonomy-item taxonomy-card\">\r\n\t\t\t\t\t\t\t<a class=\"taxonomy-link hover-effect\" href=\"\/search-results\/?listing_type=room\">\r\n\t\t\t\t\t\t\t\t<div class=\"taxonomy-title\">Quarto<\/div>\r\n\t\t\t\t\t\t\t\t<img class=\"img-responsive\" src=\"https:\/\/placehold.it\/360x360\" width=\"360\" height=\"360\" alt=\"listing_type\">\r\n\t\t\t\t\t\t\t<\/a>\r\n\t\t\t\t\t\t<\/div>\r\n\t\t\t\t\t<\/div>\r\n\r\n\t\t\t\t\t\r\n\t\t\t\t\t<div class=\"col-lg-3 col-md-3 col-sm-3 col-xs-6\">\r\n\t\t\t\t\t\t<div class=\"taxonomy-item taxonomy-card\">\r\n\t\t\t\t\t\t\t<a class=\"taxonomy-link hover-effect\" href=\"\/search-results\/?listing_type=dormitory\">\r\n\t\t\t\t\t\t\t\t<div class=\"taxonomy-title\">Dormit\u00f3rio<\/div>\r\n\t\t\t\t\t\t\t\t<img class=\"img-responsive\" src=\"https:\/\/placehold.it\/360x360\" width=\"360\" height=\"360\" alt=\"listing_type\">\r\n\t\t\t\t\t\t\t<\/a>\r\n\t\t\t\t\t\t<\/div>\r\n\t\t\t\t\t<\/div>\r\n\r\n\t\t\t\t\t\t\t\t\t\r\n\t\t\t<\/div>\r\n\t\t<\/div>\r\n\t\t\r\n\t\t<div style=\"clear:both; width:100%; height:80px\"><\/div>[\/vc_column][\/vc_row][vc_row full_width=&#8221;stretch_row&#8221; css=&#8221;.vc_custom_1539962199495{background-color: #ffffff !important;}&#8221;][vc_column]<div style=\"clear:both; width:100%; height:50px\"><\/div>\t\t<div class=\"homey-module module-title section-title-module text-center \">\r\n\t\t\t<h2 >Hear From Our Hosts<\/h2>\r\n\r\n\t\t\t<p  class=\"sub-heading\">The biggest reward is to satisfy our clients and share their experience with us<\/p>\r\n\t\t<\/div>\r\n\t\t<div style=\"clear:both; width:100%; height:30px\"><\/div>\n        <!--start testimonials module-->\n        \n            <div class=\"module-wrap testimonials-module\">\n                <div class=\"row\">\n                    \n                    <div class=\"col-xs-12 col-sm-6 col-md-3\"><div class=\"testimonial-item text-center\"><p class=\"description\">J&#039;\u00e9tais \u00e9blouie par le quadre tr\u00e8s agr\u00e9able du lieu...\r\nJe recommande vivement.<\/p><div class=\"testimonial-thumb\"><img width=\"120\" height=\"120\" src=\"https:\/\/kaisdosol.pt\/wp-content\/uploads\/2022\/10\/Facebook_logo_square-150x150.png\" class=\"img-circle img-responsive\" alt=\"\" decoding=\"async\" loading=\"lazy\" srcset=\"https:\/\/kaisdosol.pt\/wp-content\/uploads\/2022\/10\/Facebook_logo_square-150x150.png 150w, https:\/\/kaisdosol.pt\/wp-content\/uploads\/2022\/10\/Facebook_logo_square-300x300.png 300w, https:\/\/kaisdosol.pt\/wp-content\/uploads\/2022\/10\/Facebook_logo_square-250x250.png 250w, https:\/\/kaisdosol.pt\/wp-content\/uploads\/2022\/10\/Facebook_logo_square-500x500.png 500w, https:\/\/kaisdosol.pt\/wp-content\/uploads\/2022\/10\/Facebook_logo_square-360x360.png 360w, https:\/\/kaisdosol.pt\/wp-content\/uploads\/2022\/10\/Facebook_logo_square.png 600w\" sizes=\"(max-width: 120px) 100vw, 120px\" \/><\/div><p class=\"auther-info\"><strong>Internation Luxuary Sightseeing<\/strong><br><em>France, Facebook<\/em><\/p><\/div><\/div><div class=\"col-xs-12 col-sm-6 col-md-3\"><div class=\"testimonial-item text-center\"><p class=\"description\">Eu definitivamente usaria Kais do Sol novamente. \r\nAtendimento excelente. N\u00e3o poderia pedir melhor localiza\u00e7\u00e3o, muito bem localizado e o quarto era muito acolhedor. <\/p><div class=\"testimonial-thumb\"><img width=\"120\" height=\"120\" src=\"https:\/\/kaisdosol.pt\/wp-content\/uploads\/2021\/02\/17dcf4ba715b51b8c23baeb707c38ad7-150x150.png\" class=\"img-circle img-responsive\" alt=\"\" decoding=\"async\" loading=\"lazy\" srcset=\"https:\/\/kaisdosol.pt\/wp-content\/uploads\/2021\/02\/17dcf4ba715b51b8c23baeb707c38ad7-150x150.png 150w, https:\/\/kaisdosol.pt\/wp-content\/uploads\/2021\/02\/17dcf4ba715b51b8c23baeb707c38ad7-300x300.png 300w, https:\/\/kaisdosol.pt\/wp-content\/uploads\/2021\/02\/17dcf4ba715b51b8c23baeb707c38ad7-250x250.png 250w, https:\/\/kaisdosol.pt\/wp-content\/uploads\/2021\/02\/17dcf4ba715b51b8c23baeb707c38ad7.png 768w, https:\/\/kaisdosol.pt\/wp-content\/uploads\/2021\/02\/17dcf4ba715b51b8c23baeb707c38ad7-500x500.png 500w, https:\/\/kaisdosol.pt\/wp-content\/uploads\/2021\/02\/17dcf4ba715b51b8c23baeb707c38ad7-360x360.png 360w\" sizes=\"(max-width: 120px) 100vw, 120px\" \/><\/div><p class=\"auther-info\"><strong>Marcos Soares<\/strong><br><em>UK, Booking<\/em><\/p><\/div><\/div><div class=\"col-xs-12 col-sm-6 col-md-3\"><div class=\"testimonial-item text-center\"><p class=\"description\">Atendimento da dona Sandra maravilhosa muito simp\u00e1tica, local tem uma energia incr\u00edvel, muito confort\u00e1vel, pr\u00f3ximo a locais pra alimenta\u00e7\u00e3o e lazer, nota 10 <\/p><div class=\"testimonial-thumb\"><img width=\"120\" height=\"120\" src=\"https:\/\/kaisdosol.pt\/wp-content\/uploads\/2021\/02\/17dcf4ba715b51b8c23baeb707c38ad7-150x150.png\" class=\"img-circle img-responsive\" alt=\"\" decoding=\"async\" loading=\"lazy\" srcset=\"https:\/\/kaisdosol.pt\/wp-content\/uploads\/2021\/02\/17dcf4ba715b51b8c23baeb707c38ad7-150x150.png 150w, https:\/\/kaisdosol.pt\/wp-content\/uploads\/2021\/02\/17dcf4ba715b51b8c23baeb707c38ad7-300x300.png 300w, https:\/\/kaisdosol.pt\/wp-content\/uploads\/2021\/02\/17dcf4ba715b51b8c23baeb707c38ad7-250x250.png 250w, https:\/\/kaisdosol.pt\/wp-content\/uploads\/2021\/02\/17dcf4ba715b51b8c23baeb707c38ad7.png 768w, https:\/\/kaisdosol.pt\/wp-content\/uploads\/2021\/02\/17dcf4ba715b51b8c23baeb707c38ad7-500x500.png 500w, https:\/\/kaisdosol.pt\/wp-content\/uploads\/2021\/02\/17dcf4ba715b51b8c23baeb707c38ad7-360x360.png 360w\" sizes=\"(max-width: 120px) 100vw, 120px\" \/><\/div><p class=\"auther-info\"><strong>Livinho<\/strong><br><em>Brasil, Booking<\/em><\/p><\/div><\/div>                    \n                <\/div>\n            <\/div>\n\n                <!--end post testimonials module-->\n\n\n        <div style=\"clear:both; width:100%; height:50px\"><\/div>[\/vc_column][\/vc_row][vc_row][vc_column]<div style=\"clear:both; width:100%; height:50px\"><\/div>\t\t<div class=\"homey-module module-title section-title-module text-left \">\r\n\t\t\t<h2 >From Our Blog<\/h2>\r\n\r\n\t\t\t<p  class=\"sub-heading\">Keep always update on latest topics<\/p>\r\n\t\t<\/div>\r\n\t\t<div style=\"clear:both; width:100%; height:30px\"><\/div>\n        <div class=\"module-wrap blog-module\">\n            <div class=\"row\">\n                                            <\/div>\n        <\/div>\n\n        [\/vc_column][\/vc_row][vc_row][vc_column]<div style=\"clear:both; width:100%; height:50px\"><\/div>\t\t<div class=\"homey-module module-title section-title-module text-left \">\r\n\t\t\t<h2 >Our Partners<\/h2>\r\n\r\n\t\t\t<p  class=\"sub-heading\">We only work with the best companies around the globe<\/p>\r\n\t\t<\/div>\r\n\t\t<div style=\"clear:both; width:100%; height:30px\"><\/div>        <script>\n            jQuery(document).ready(function ($) {\n\n                var sliderdiv = $('.partners-slider');\n\n                sliderdiv.slick({\n                    rtl: false,\n                    lazyLoad: 'ondemand',\n                    infinite: true,\n                    speed: 300,\n                    slidesToShow: 4,\n                    arrows: true,\n                    adaptiveHeight: true,\n                    dots: true,\n                    appendArrows: '.partners-module-slider',\n                    prevArrow: '<button type=\"button\" class=\"slick-prev\">Anterior<\/button>',\n                    nextArrow: '<button type=\"button\" class=\"slick-next\">Seguinte<\/button>',\n                    responsive: [\n                    {\n                        breakpoint: 992,\n                        settings: {\n                            slidesToShow: 3,\n                            slidesToScroll: 3\n                        }\n                    },\n                    {\n                        breakpoint: 769,\n                        settings: {\n                            slidesToShow: 2,\n                            slidesToScroll: 2\n                        }\n                    }]\n                });\n            });\n        <\/script>\n\n        <div class=\"module-wrap partners-module partners-module-slider\">\n            <div class=\"partners-slider-wrap\">\n                <div class=\"row\">\n                    <div class=\"partners-slider\">\n\n                                                    <div class=\"partner-item text-center\">\n                                <div class=\"partner-thumb\">\n                                    <a target=\"_blank\" href=\"http:\/\/homeywp.com\">\n                                        <img src=\"https:\/\/placehold.it\/450x300&text=Kais+do+Sol\" alt=\"placeholder\" \/>                                    <\/a>\n                                <\/div>\n                            <\/div>\n                                                    <div class=\"partner-item text-center\">\n                                <div class=\"partner-thumb\">\n                                    <a target=\"_blank\" href=\"http:\/\/homeywp.com\">\n                                        <img src=\"https:\/\/placehold.it\/450x300&text=Kais+do+Sol\" alt=\"placeholder\" \/>                                    <\/a>\n                                <\/div>\n                            <\/div>\n                                                    <div class=\"partner-item text-center\">\n                                <div class=\"partner-thumb\">\n                                    <a target=\"_blank\" href=\"http:\/\/homeywp.com\">\n                                        <img src=\"https:\/\/placehold.it\/450x300&text=Kais+do+Sol\" alt=\"placeholder\" \/>                                    <\/a>\n                                <\/div>\n                            <\/div>\n                                                    <div class=\"partner-item text-center\">\n                                <div class=\"partner-thumb\">\n                                    <a target=\"_blank\" href=\"http:\/\/homeywp.com\">\n                                        <img src=\"https:\/\/placehold.it\/450x300&text=Kais+do+Sol\" alt=\"placeholder\" \/>                                    <\/a>\n                                <\/div>\n                            <\/div>\n                                                    <div class=\"partner-item text-center\">\n                                <div class=\"partner-thumb\">\n                                    <a target=\"_blank\" href=\"http:\/\/homeywp.com\">\n                                        <img src=\"https:\/\/placehold.it\/450x300&text=Kais+do+Sol\" alt=\"placeholder\" \/>                                    <\/a>\n                                <\/div>\n                            <\/div>\n                                                    <div class=\"partner-item text-center\">\n                                <div class=\"partner-thumb\">\n                                    <a target=\"_blank\" href=\"http:\/\/homeywp.com\">\n                                        <img src=\"https:\/\/placehold.it\/450x300&text=Kais+do+Sol\" alt=\"placeholder\" \/>                                    <\/a>\n                                <\/div>\n                            <\/div>\n                                                \n                    <\/div>\n                <\/div>\n            <\/div>\n        <\/div>\n\n        [\/vc_column][\/vc_row]<\/p>\n","protected":false},"excerpt":{"rendered":"<p>[vc_row][vc_column][\/vc_column][\/vc_row][vc_row full_width=&#8221;stretch_row&#8221; css=&#8221;.vc_custom_1539966302417{margin-top: -20px !important;background-color: #ffffff !important;}&#8221;][vc_column][\/vc_column][\/vc_row][vc_row full_width=&#8221;stretch_row&#8221; parallax=&#8221;content-moving&#8221; parallax_image=&#8221;1890&#8243; css=&#8221;.vc_custom_1550069938712{padding-top: 100px !important;padding-bottom: 130px !important;}&#8221; el_class=&#8221;white-text&#8221;][vc_column][vc_row_inner css=&#8221;.vc_custom_1542040672265{margin-right: 15px !important;margin-left: 15px !important;padding-top: 50px !important;padding-right: 50px !important;padding-bottom: 30px !important;padding-left: 50px !important;background-color: rgba(241,94,117,0.95) !important;*background-color: rgb(241,94,117) !important;}&#8221;][vc_column_inner][text_with_icons style=&#8221;style_two&#8221; columns=&#8221;three_columns&#8221;][text_with_icon icon_type=&#8221;custom_icon&#8221; custom_icon=&#8221;1890&#8243; title=&#8221;Payment Gateways&#8221; text=&#8221;Fully integrated with most popular payment gateways. Send and receive payments straight out of the box.&#8221; [&hellip;]<\/p>\n","protected":false},"author":1,"featured_media":0,"parent":0,"menu_order":0,"comment_status":"closed","ping_status":"closed","template":"template\/template-homepage.php","meta":{"inline_featured_image":false,"footnotes":""},"_links":{"self":[{"href":"https:\/\/kaisdosol.pt\/pt\/wp-json\/wp\/v2\/pages\/713"}],"collection":[{"href":"https:\/\/kaisdosol.pt\/pt\/wp-json\/wp\/v2\/pages"}],"about":[{"href":"https:\/\/kaisdosol.pt\/pt\/wp-json\/wp\/v2\/types\/page"}],"author":[{"embeddable":true,"href":"https:\/\/kaisdosol.pt\/pt\/wp-json\/wp\/v2\/users\/1"}],"replies":[{"embeddable":true,"href":"https:\/\/kaisdosol.pt\/pt\/wp-json\/wp\/v2\/comments?post=713"}],"version-history":[{"count":0,"href":"https:\/\/kaisdosol.pt\/pt\/wp-json\/wp\/v2\/pages\/713\/revisions"}],"wp:attachment":[{"href":"https:\/\/kaisdosol.pt\/pt\/wp-json\/wp\/v2\/media?parent=713"}],"curies":[{"name":"wp","href":"https:\/\/api.w.org\/{rel}","templated":true}]}}