{"id":2746,"date":"2022-07-05T14:22:28","date_gmt":"2022-07-05T14:22:28","guid":{"rendered":"https:\/\/kaisdosol.pt\/?page_id=2746"},"modified":"2022-11-18T16:00:40","modified_gmt":"2022-11-18T16:00:40","slug":"activities","status":"publish","type":"page","link":"https:\/\/kaisdosol.pt\/pt\/activities\/","title":{"rendered":"Actividades"},"content":{"rendered":"<p>[vc_row css=&#8221;.vc_custom_1540484653733{margin-bottom: 30px !important;padding-right: 30px !important;padding-left: 30px !important;background-color: #ffffff !important;}&#8221;][vc_column]<div style=\"clear:both; width:100%; height:50px\"><\/div>\t\t<div class=\"homey-module module-title section-title-module text-left \">\r\n\t\t\t<h2 >RECOMENDA\u00c7\u00d5ES LOCAIS<\/h2>\r\n\r\n\t\t\t<p  class=\"sub-heading\"><\/p>\r\n\t\t<\/div>\r\n\t\t[vc_row_inner][vc_column_inner][vc_column_text]<\/p>\n<p class=\"p1\">Sempre que precisares de algum alimento para preparar a tua pr\u00f3pria receita, ter\u00e1s o Mini Mercado da Rosinha disposto para te fornecer os produtos mais frescos da ba\u00eda.<\/p>\n<p class=\"p1\">Mini Mercado Amanhecer Seixal das 10h \u00e0s 21h<\/p>\n<p>[\/vc_column_text][vc_images_carousel images=&#8221;3116,3117&#8243; img_size=&#8221;medium&#8221; autoplay=&#8221;yes&#8221; hide_pagination_control=&#8221;yes&#8221; wrap=&#8221;yes&#8221;][\/vc_column_inner][\/vc_row_inner][\/vc_column][\/vc_row][vc_row css=&#8221;.vc_custom_1540484815791{margin-bottom: 30px !important;padding-right: 30px !important;padding-left: 30px !important;background-color: #ffffff !important;}&#8221;][vc_column]\t\t<div class=\"homey-module module-title section-title-module text-left \">\r\n\t\t\t<h2 >No Seixal<\/h2>\r\n\r\n\t\t\t<p  class=\"sub-heading\"><\/p>\r\n\t\t<\/div>\r\n\t\t[vc_column_text]Conhece tudo o que podes fazer na ba\u00eda do Seixal.<br \/>\nTemos v\u00e1rias atividades dispon\u00edveis para fazeres desde cultura a desporto ou lazer.[\/vc_column_text]<div style=\"clear:both; width:100%; height:20px\"><\/div>[vc_row_inner equal_height=&#8221;yes&#8221;][vc_column_inner width=&#8221;1\/3&#8243;]\t\t<div class=\"item-promo\">\r\n\t\t\t<div class=\"media\">\r\n\t\t\t\t\t\t\t\t<div class=\"item-promo-image\">\r\n\t\t\t\t\t<div class=\"item-media item-media-thumb\">\r\n\t\t\t\t\t\t<a href=\"\">\r\n\t\t\t\t\t\t\t<img width=\"2560\" height=\"1920\" src=\"https:\/\/kaisdosol.pt\/wp-content\/uploads\/2022\/11\/20221105_013740-scaled.jpg\" class=\"img-responsive\" alt=\"\" decoding=\"async\" loading=\"lazy\" srcset=\"https:\/\/kaisdosol.pt\/wp-content\/uploads\/2022\/11\/20221105_013740-scaled.jpg 2560w, https:\/\/kaisdosol.pt\/wp-content\/uploads\/2022\/11\/20221105_013740-300x225.jpg 300w, https:\/\/kaisdosol.pt\/wp-content\/uploads\/2022\/11\/20221105_013740-1024x768.jpg 1024w, https:\/\/kaisdosol.pt\/wp-content\/uploads\/2022\/11\/20221105_013740-768x576.jpg 768w, https:\/\/kaisdosol.pt\/wp-content\/uploads\/2022\/11\/20221105_013740-1536x1152.jpg 1536w, https:\/\/kaisdosol.pt\/wp-content\/uploads\/2022\/11\/20221105_013740-2048x1536.jpg 2048w, https:\/\/kaisdosol.pt\/wp-content\/uploads\/2022\/11\/20221105_013740-667x500.jpg 667w\" sizes=\"(max-width: 2560px) 100vw, 2560px\" \/>\t\t\t\t\t\t<\/a>\r\n\t\t\t\t\t<\/div>\r\n\t\t\t\t<\/div>\r\n\t\t\t\t\t\t\t\t<div class=\"media-body item-body\">\r\n\t\t\t\t\t<div class=\"item-title-head\">\r\n\t\t\t\t\t\t<div class=\"text-left\">\r\n\t\t\t\t\t\t\t<h2 class=\"title\">\r\n\t\t\t\t\t\t\t\t<a href=\"\">TOUR DOS BARES<\/a>\r\n\t\t\t\t\t\t\t<\/h2>\r\n\t\t\t\t\t\t\t<\/p>\n<div class=\"elementor-column elementor-col-33 elementor-inner-column elementor-element elementor-element-7742097\" data-id=\"7742097\" data-element_type=\"column\">\n<div class=\"elementor-column-wrap elementor-element-populated\">\n<div class=\"elementor-widget-wrap\">\n<div class=\"elementor-element elementor-element-fdcf6f3 elementor-widget elementor-widget-text-editor\" data-id=\"fdcf6f3\" data-element_type=\"widget\" data-widget_type=\"text-editor.default\">\n<div class=\"elementor-widget-container\">\n<div class=\"elementor-text-editor elementor-clearfix\">\n<p><span style=\"font-weight: 400;\">Na zona hist\u00f3rica do Seixal tem um conjunto de bares situados numa pequena pra\u00e7a acolhedora onde todos se encontram para conviver ao ar livre.<\/span><\/p>\n<p><span style=\"font-weight: 400;\">(Para promover uma experi\u00eancia inesquec\u00edvel o &#8211;\u00a0 tem uma surpresa para os nossos h\u00f3spedes\u2026)<\/span><\/p>\n<\/div>\n<\/div>\n<\/div>\n<\/div>\n<\/div>\n<\/div>\n<p>\t\t\t\t\t\t<\/div>\r\n\t\t\t\t\t<\/div>\r\n\t\t\t\t\t\t\t\t\t<\/div>\r\n\t\t\t<\/div>\r\n\t\t<\/div>\r\n\r\n\t\t[\/vc_column_inner][vc_column_inner width=&#8221;1\/3&#8243;]\t\t<div class=\"item-promo\">\r\n\t\t\t<div class=\"media\">\r\n\t\t\t\t\t\t\t\t<div class=\"item-promo-image\">\r\n\t\t\t\t\t<div class=\"item-media item-media-thumb\">\r\n\t\t\t\t\t\t<a href=\"\">\r\n\t\t\t\t\t\t\t<img width=\"1920\" height=\"1440\" src=\"https:\/\/kaisdosol.pt\/wp-content\/uploads\/2022\/09\/IMG-20220415-WA0018.jpg\" class=\"img-responsive\" alt=\"\" decoding=\"async\" loading=\"lazy\" srcset=\"https:\/\/kaisdosol.pt\/wp-content\/uploads\/2022\/09\/IMG-20220415-WA0018.jpg 1920w, https:\/\/kaisdosol.pt\/wp-content\/uploads\/2022\/09\/IMG-20220415-WA0018-300x225.jpg 300w, https:\/\/kaisdosol.pt\/wp-content\/uploads\/2022\/09\/IMG-20220415-WA0018-1024x768.jpg 1024w, https:\/\/kaisdosol.pt\/wp-content\/uploads\/2022\/09\/IMG-20220415-WA0018-768x576.jpg 768w, https:\/\/kaisdosol.pt\/wp-content\/uploads\/2022\/09\/IMG-20220415-WA0018-1536x1152.jpg 1536w, https:\/\/kaisdosol.pt\/wp-content\/uploads\/2022\/09\/IMG-20220415-WA0018-667x500.jpg 667w\" sizes=\"(max-width: 1920px) 100vw, 1920px\" \/>\t\t\t\t\t\t<\/a>\r\n\t\t\t\t\t<\/div>\r\n\t\t\t\t<\/div>\r\n\t\t\t\t\t\t\t\t<div class=\"media-body item-body\">\r\n\t\t\t\t\t<div class=\"item-title-head\">\r\n\t\t\t\t\t\t<div class=\"text-left\">\r\n\t\t\t\t\t\t\t<h2 class=\"title\">\r\n\t\t\t\t\t\t\t\t<a href=\"\">P\u00d4R DO SOL NA BA\u00cdA<\/a>\r\n\t\t\t\t\t\t\t<\/h2>\r\n\t\t\t\t\t\t\t<\/p>\n<div class=\"elementor-column elementor-col-33 elementor-inner-column elementor-element elementor-element-7742097\" data-id=\"7742097\" data-element_type=\"column\">\n<div class=\"elementor-column-wrap elementor-element-populated\">\n<div class=\"elementor-widget-wrap\">\n<div class=\"elementor-element elementor-element-fdcf6f3 elementor-widget elementor-widget-text-editor\" data-id=\"fdcf6f3\" data-element_type=\"widget\" data-widget_type=\"text-editor.default\">\n<div class=\"elementor-widget-container\">\n<div class=\"elementor-text-editor elementor-clearfix\">\n<p class=\"p1\">As cores da Ba\u00eda ao p\u00f4r do sol criam cen\u00e1rios belos.<\/p>\n<p class=\"p1\">Sentado \u00e0 beira-mar na companhia de uma bebida e um queijo desfrute deste momento a dois ou em fam\u00edlia.<\/p>\n<\/div>\n<\/div>\n<\/div>\n<\/div>\n<\/div>\n<\/div>\n<p>\t\t\t\t\t\t<\/div>\r\n\t\t\t\t\t<\/div>\r\n\t\t\t\t\t\t\t\t\t<\/div>\r\n\t\t\t<\/div>\r\n\t\t<\/div>\r\n\r\n\t\t[\/vc_column_inner][vc_column_inner width=&#8221;1\/3&#8243;]\t\t<div class=\"item-promo\">\r\n\t\t\t<div class=\"media\">\r\n\t\t\t\t\t\t\t\t<div class=\"item-promo-image\">\r\n\t\t\t\t\t<div class=\"item-media item-media-thumb\">\r\n\t\t\t\t\t\t<a href=\"\">\r\n\t\t\t\t\t\t\t<img width=\"2560\" height=\"1920\" src=\"https:\/\/kaisdosol.pt\/wp-content\/uploads\/2022\/09\/20220920_192106-scaled.jpg\" class=\"img-responsive\" alt=\"\" decoding=\"async\" loading=\"lazy\" srcset=\"https:\/\/kaisdosol.pt\/wp-content\/uploads\/2022\/09\/20220920_192106-scaled.jpg 2560w, https:\/\/kaisdosol.pt\/wp-content\/uploads\/2022\/09\/20220920_192106-300x225.jpg 300w, https:\/\/kaisdosol.pt\/wp-content\/uploads\/2022\/09\/20220920_192106-1024x768.jpg 1024w, https:\/\/kaisdosol.pt\/wp-content\/uploads\/2022\/09\/20220920_192106-768x576.jpg 768w, https:\/\/kaisdosol.pt\/wp-content\/uploads\/2022\/09\/20220920_192106-1536x1152.jpg 1536w, https:\/\/kaisdosol.pt\/wp-content\/uploads\/2022\/09\/20220920_192106-2048x1536.jpg 2048w, https:\/\/kaisdosol.pt\/wp-content\/uploads\/2022\/09\/20220920_192106-667x500.jpg 667w\" sizes=\"(max-width: 2560px) 100vw, 2560px\" \/>\t\t\t\t\t\t<\/a>\r\n\t\t\t\t\t<\/div>\r\n\t\t\t\t<\/div>\r\n\t\t\t\t\t\t\t\t<div class=\"media-body item-body\">\r\n\t\t\t\t\t<div class=\"item-title-head\">\r\n\t\t\t\t\t\t<div class=\"text-left\">\r\n\t\t\t\t\t\t\t<h2 class=\"title\">\r\n\t\t\t\t\t\t\t\t<a href=\"\">KIDS &amp; FAMILY<\/a>\r\n\t\t\t\t\t\t\t<\/h2>\r\n\t\t\t\t\t\t\t<\/p>\n<div class=\"elementor-column elementor-col-33 elementor-inner-column elementor-element elementor-element-7742097\" data-id=\"7742097\" data-element_type=\"column\">\n<div class=\"elementor-column-wrap elementor-element-populated\">\n<div class=\"elementor-widget-wrap\">\n<div class=\"elementor-element elementor-element-fdcf6f3 elementor-widget elementor-widget-text-editor\" data-id=\"fdcf6f3\" data-element_type=\"widget\" data-widget_type=\"text-editor.default\">\n<div class=\"elementor-widget-container\">\n<div class=\"elementor-text-editor elementor-clearfix\">\n<p class=\"p1\">No centro hist\u00f3rico perto da praia do Seixal, enquanto as crian\u00e7as se divertem no parque ou brincam na areia, poder\u00e1 aproveitar para recarregar energias na companhia de uma bebida refrescante.<\/p>\n<\/div>\n<\/div>\n<\/div>\n<\/div>\n<\/div>\n<\/div>\n<p>\t\t\t\t\t\t<\/div>\r\n\t\t\t\t\t<\/div>\r\n\t\t\t\t\t\t\t\t\t<\/div>\r\n\t\t\t<\/div>\r\n\t\t<\/div>\r\n\r\n\t\t[\/vc_column_inner][\/vc_row_inner][vc_row_inner equal_height=&#8221;yes&#8221;][vc_column_inner width=&#8221;1\/3&#8243;]\t\t<div class=\"item-promo\">\r\n\t\t\t<div class=\"media\">\r\n\t\t\t\t\t\t\t\t<div class=\"item-promo-image\">\r\n\t\t\t\t\t<div class=\"item-media item-media-thumb\">\r\n\t\t\t\t\t\t<a href=\"\">\r\n\t\t\t\t\t\t\t<img width=\"480\" height=\"320\" src=\"https:\/\/kaisdosol.pt\/wp-content\/uploads\/2022\/09\/pus_4.jpg\" class=\"img-responsive\" alt=\"\" decoding=\"async\" loading=\"lazy\" srcset=\"https:\/\/kaisdosol.pt\/wp-content\/uploads\/2022\/09\/pus_4.jpg 480w, https:\/\/kaisdosol.pt\/wp-content\/uploads\/2022\/09\/pus_4-300x200.jpg 300w, https:\/\/kaisdosol.pt\/wp-content\/uploads\/2022\/09\/pus_4-450x300.jpg 450w, https:\/\/kaisdosol.pt\/wp-content\/uploads\/2022\/09\/pus_4-120x80.jpg 120w\" sizes=\"(max-width: 480px) 100vw, 480px\" \/>\t\t\t\t\t\t<\/a>\r\n\t\t\t\t\t<\/div>\r\n\t\t\t\t<\/div>\r\n\t\t\t\t\t\t\t\t<div class=\"media-body item-body\">\r\n\t\t\t\t\t<div class=\"item-title-head\">\r\n\t\t\t\t\t\t<div class=\"text-left\">\r\n\t\t\t\t\t\t\t<h2 class=\"title\">\r\n\t\t\t\t\t\t\t\t<a href=\"\">PARQUE URBANO<\/a>\r\n\t\t\t\t\t\t\t<\/h2>\r\n\t\t\t\t\t\t\t<\/p>\n<div class=\"elementor-column elementor-col-33 elementor-inner-column elementor-element elementor-element-7742097\" data-id=\"7742097\" data-element_type=\"column\">\n<div class=\"elementor-column-wrap elementor-element-populated\">\n<div class=\"elementor-widget-wrap\">\n<div class=\"elementor-element elementor-element-fdcf6f3 elementor-widget elementor-widget-text-editor\" data-id=\"fdcf6f3\" data-element_type=\"widget\" data-widget_type=\"text-editor.default\">\n<div class=\"elementor-widget-container\">\n<div class=\"elementor-text-editor elementor-clearfix\">\n<p class=\"p1\">Dentro do antigo espa\u00e7o da f\u00e1brica de corti\u00e7a, tem o parque urbano do Seixal, um espa\u00e7o verde ideal para fazer um piquenique em familia. Neste local tem tamb\u00e9m um miradouro com a melhor vista sobre a ba\u00eda, avistando lisboa.<\/p>\n<\/div>\n<\/div>\n<\/div>\n<\/div>\n<\/div>\n<\/div>\n<p>\t\t\t\t\t\t<\/div>\r\n\t\t\t\t\t<\/div>\r\n\t\t\t\t\t\t\t\t\t<\/div>\r\n\t\t\t<\/div>\r\n\t\t<\/div>\r\n\r\n\t\t[\/vc_column_inner][vc_column_inner width=&#8221;1\/3&#8243;]\t\t<div class=\"item-promo\">\r\n\t\t\t<div class=\"media\">\r\n\t\t\t\t\t\t\t\t<div class=\"item-promo-image\">\r\n\t\t\t\t\t<div class=\"item-media item-media-thumb\">\r\n\t\t\t\t\t\t<a href=\"\">\r\n\t\t\t\t\t\t\t<img width=\"2560\" height=\"1920\" src=\"https:\/\/kaisdosol.pt\/wp-content\/uploads\/2022\/09\/20220920_193349-scaled.jpg\" class=\"img-responsive\" alt=\"\" decoding=\"async\" loading=\"lazy\" srcset=\"https:\/\/kaisdosol.pt\/wp-content\/uploads\/2022\/09\/20220920_193349-scaled.jpg 2560w, https:\/\/kaisdosol.pt\/wp-content\/uploads\/2022\/09\/20220920_193349-300x225.jpg 300w, https:\/\/kaisdosol.pt\/wp-content\/uploads\/2022\/09\/20220920_193349-1024x768.jpg 1024w, https:\/\/kaisdosol.pt\/wp-content\/uploads\/2022\/09\/20220920_193349-768x576.jpg 768w, https:\/\/kaisdosol.pt\/wp-content\/uploads\/2022\/09\/20220920_193349-1536x1152.jpg 1536w, https:\/\/kaisdosol.pt\/wp-content\/uploads\/2022\/09\/20220920_193349-2048x1536.jpg 2048w, https:\/\/kaisdosol.pt\/wp-content\/uploads\/2022\/09\/20220920_193349-667x500.jpg 667w\" sizes=\"(max-width: 2560px) 100vw, 2560px\" \/>\t\t\t\t\t\t<\/a>\r\n\t\t\t\t\t<\/div>\r\n\t\t\t\t<\/div>\r\n\t\t\t\t\t\t\t\t<div class=\"media-body item-body\">\r\n\t\t\t\t\t<div class=\"item-title-head\">\r\n\t\t\t\t\t\t<div class=\"text-left\">\r\n\t\t\t\t\t\t\t<h2 class=\"title\">\r\n\t\t\t\t\t\t\t\t<a href=\"\">PASSEIO DE BARCO NAS \u00c1GUAS DO TEJO<\/a>\r\n\t\t\t\t\t\t\t<\/h2>\r\n\t\t\t\t\t\t\t<\/p>\n<div class=\"elementor-column elementor-col-33 elementor-inner-column elementor-element elementor-element-7742097\" data-id=\"7742097\" data-element_type=\"column\">\n<div class=\"elementor-column-wrap elementor-element-populated\">\n<div class=\"elementor-widget-wrap\">\n<div class=\"elementor-element elementor-element-fdcf6f3 elementor-widget elementor-widget-text-editor\" data-id=\"fdcf6f3\" data-element_type=\"widget\" data-widget_type=\"text-editor.default\">\n<div class=\"elementor-widget-container\">\n<div class=\"elementor-text-editor elementor-clearfix\">\n<p class=\"p1\">Para passar uma tarde em beleza tem tamb\u00e9m a possibilidade de fazer um passeio de barco pelo rio tejo atrav\u00e9s do centro de turismo do Seixal, partindo da esta\u00e7\u00e3o N\u00e1utica.<\/p>\n<\/div>\n<\/div>\n<\/div>\n<\/div>\n<\/div>\n<\/div>\n<p>\t\t\t\t\t\t<\/div>\r\n\t\t\t\t\t<\/div>\r\n\t\t\t\t\t\t\t\t\t<\/div>\r\n\t\t\t<\/div>\r\n\t\t<\/div>\r\n\r\n\t\t[\/vc_column_inner][vc_column_inner width=&#8221;1\/3&#8243;]\t\t<div class=\"item-promo\">\r\n\t\t\t<div class=\"media\">\r\n\t\t\t\t\t\t\t\t<div class=\"item-promo-image\">\r\n\t\t\t\t\t<div class=\"item-media item-media-thumb\">\r\n\t\t\t\t\t\t<a href=\"\">\r\n\t\t\t\t\t\t\t<img width=\"1732\" height=\"1155\" src=\"https:\/\/kaisdosol.pt\/wp-content\/uploads\/2022\/09\/17.jpg\" class=\"img-responsive\" alt=\"\" decoding=\"async\" loading=\"lazy\" srcset=\"https:\/\/kaisdosol.pt\/wp-content\/uploads\/2022\/09\/17.jpg 1732w, https:\/\/kaisdosol.pt\/wp-content\/uploads\/2022\/09\/17-300x200.jpg 300w, https:\/\/kaisdosol.pt\/wp-content\/uploads\/2022\/09\/17-1024x683.jpg 1024w, https:\/\/kaisdosol.pt\/wp-content\/uploads\/2022\/09\/17-768x512.jpg 768w, https:\/\/kaisdosol.pt\/wp-content\/uploads\/2022\/09\/17-1536x1024.jpg 1536w, https:\/\/kaisdosol.pt\/wp-content\/uploads\/2022\/09\/17-450x300.jpg 450w, https:\/\/kaisdosol.pt\/wp-content\/uploads\/2022\/09\/17-1140x760.jpg 1140w, https:\/\/kaisdosol.pt\/wp-content\/uploads\/2022\/09\/17-120x80.jpg 120w, https:\/\/kaisdosol.pt\/wp-content\/uploads\/2022\/09\/17-750x500.jpg 750w\" sizes=\"(max-width: 1732px) 100vw, 1732px\" \/>\t\t\t\t\t\t<\/a>\r\n\t\t\t\t\t<\/div>\r\n\t\t\t\t<\/div>\r\n\t\t\t\t\t\t\t\t<div class=\"media-body item-body\">\r\n\t\t\t\t\t<div class=\"item-title-head\">\r\n\t\t\t\t\t\t<div class=\"text-left\">\r\n\t\t\t\t\t\t\t<h2 class=\"title\">\r\n\t\t\t\t\t\t\t\t<a href=\"\">CELEBRA\u00c7\u00d5ES E EVENTOS<\/a>\r\n\t\t\t\t\t\t\t<\/h2>\r\n\t\t\t\t\t\t\t<\/p>\n<div class=\"elementor-column elementor-col-33 elementor-inner-column elementor-element elementor-element-7742097\" data-id=\"7742097\" data-element_type=\"column\">\n<div class=\"elementor-column-wrap elementor-element-populated\">\n<div class=\"elementor-widget-wrap\">\n<div class=\"elementor-element elementor-element-fdcf6f3 elementor-widget elementor-widget-text-editor\" data-id=\"fdcf6f3\" data-element_type=\"widget\" data-widget_type=\"text-editor.default\">\n<div class=\"elementor-widget-container\">\n<div class=\"elementor-text-editor elementor-clearfix\">\n<p data-pm-slice=\"1 1 []\">Porque vida s\u00f3 h\u00e1 uma e deve ser celebrada! Com um espa\u00e7o interior completamente acolhedor, uma oferta gastron\u00f3mica adaptada, e uma equipa de profissionais totalmente dedicada, o Seixal Old Village \u00e9 o local perfeito para qualquer evento importante da sua vida ou da sua empresa!<\/p>\n<\/div>\n<\/div>\n<\/div>\n<\/div>\n<\/div>\n<\/div>\n<p>\t\t\t\t\t\t<\/div>\r\n\t\t\t\t\t<\/div>\r\n\t\t\t\t\t\t\t\t\t<\/div>\r\n\t\t\t<\/div>\r\n\t\t<\/div>\r\n\r\n\t\t[\/vc_column_inner][\/vc_row_inner][vc_row_inner equal_height=&#8221;yes&#8221;][vc_column_inner width=&#8221;1\/2&#8243;]\t\t<div class=\"item-promo\">\r\n\t\t\t<div class=\"media\">\r\n\t\t\t\t\t\t\t\t<div class=\"item-promo-image\">\r\n\t\t\t\t\t<div class=\"item-media item-media-thumb\">\r\n\t\t\t\t\t\t<a href=\"\">\r\n\t\t\t\t\t\t\t<img width=\"754\" height=\"394\" src=\"https:\/\/kaisdosol.pt\/wp-content\/uploads\/2022\/09\/9dfd3321f7330ce0e226d16c8ccbb356-754x394-1.jpg\" class=\"img-responsive\" alt=\"\" decoding=\"async\" loading=\"lazy\" srcset=\"https:\/\/kaisdosol.pt\/wp-content\/uploads\/2022\/09\/9dfd3321f7330ce0e226d16c8ccbb356-754x394-1.jpg 754w, https:\/\/kaisdosol.pt\/wp-content\/uploads\/2022\/09\/9dfd3321f7330ce0e226d16c8ccbb356-754x394-1-300x157.jpg 300w\" sizes=\"(max-width: 754px) 100vw, 754px\" \/>\t\t\t\t\t\t<\/a>\r\n\t\t\t\t\t<\/div>\r\n\t\t\t\t<\/div>\r\n\t\t\t\t\t\t\t\t<div class=\"media-body item-body\">\r\n\t\t\t\t\t<div class=\"item-title-head\">\r\n\t\t\t\t\t\t<div class=\"text-left\">\r\n\t\t\t\t\t\t\t<h2 class=\"title\">\r\n\t\t\t\t\t\t\t\t<a href=\"\">UMA EXPERI\u00caNCIA NA BA\u00cdA<\/a>\r\n\t\t\t\t\t\t\t<\/h2>\r\n\t\t\t\t\t\t\t<\/p>\n<div class=\"elementor-column elementor-col-33 elementor-inner-column elementor-element elementor-element-7742097\" data-id=\"7742097\" data-element_type=\"column\">\n<div class=\"elementor-column-wrap elementor-element-populated\">\n<div class=\"elementor-widget-wrap\">\n<div class=\"elementor-element elementor-element-fdcf6f3 elementor-widget elementor-widget-text-editor\" data-id=\"fdcf6f3\" data-element_type=\"widget\" data-widget_type=\"text-editor.default\">\n<div class=\"elementor-widget-container\">\n<div class=\"elementor-text-editor elementor-clearfix\">\n<p class=\"p1\">Ao ficar hospedado no Kais Do Sol ir\u00e1 desfrutar de uma experi\u00eancia inesquec\u00edvel na ba\u00eda do Seixal.<\/p>\n<p class=\"p1\">Caso venha em trabalho, o Seixal Old Village poder\u00e1 ser uma op\u00e7\u00e3o para a sua reuni\u00e3o ou evento.<\/p>\n<p class=\"p1\">Se vier simplesmente em passeio, pode ainda deslocar-se pela ba\u00eda em dire\u00e7\u00e3o \u00e0 Amora onde poder\u00e1 almo\u00e7ar ou lanchar no Amora Lounge. No regresso o p\u00f4r do sol espera por si no Letras e Talheres acompanhado de uma bebida preparada ao momento.<\/p>\n<\/div>\n<\/div>\n<\/div>\n<\/div>\n<\/div>\n<\/div>\n<p>\t\t\t\t\t\t<\/div>\r\n\t\t\t\t\t<\/div>\r\n\t\t\t\t\t\t\t\t\t<\/div>\r\n\t\t\t<\/div>\r\n\t\t<\/div>\r\n\r\n\t\t[\/vc_column_inner][vc_column_inner width=&#8221;1\/2&#8243;]\t\t<div class=\"homey-module module-title section-title-module text-center \">\r\n\t\t\t<h2 >Pr\u00f3ximos eventos<\/h2>\r\n\r\n\t\t\t<p  class=\"sub-heading\"><\/p>\r\n\t\t<\/div>\r\n\t\t[vc_images_carousel images=&#8221;3109,3108&#8243; img_size=&#8221;full&#8221; autoplay=&#8221;yes&#8221; hide_pagination_control=&#8221;yes&#8221; wrap=&#8221;yes&#8221;][\/vc_column_inner][\/vc_row_inner][vc_row_inner equal_height=&#8221;yes&#8221;][vc_column_inner]<div style=\"clear:both; width:100%; height:50px\"><\/div>\t\t<div class=\"homey-module module-title section-title-module text-center \">\r\n\t\t\t<h2 >Atividades \/ Atra\u00e7\u00f5es nas imedia\u00e7\u00f5es:<\/h2>\r\n\r\n\t\t\t<p  class=\"sub-heading\"><\/p>\r\n\t\t<\/div>\r\n\t\t[vc_column_text]<\/p>\n<ul>\n<li class=\"p1\">Parques infantis<\/li>\n<li class=\"p1\">Ecoturismo<\/li>\n<li class=\"p1\">Circuitos para caminhadas\/bicicleta<\/li>\n<li class=\"p1\">Caiaque<\/li>\n<li class=\"p1\">BTT<\/li>\n<li class=\"p1\">Aluguer de triciclos\/ciclomotores<\/li>\n<li class=\"p1\">Vela<\/li>\n<li class=\"p1\">Windsurf<\/li>\n<\/ul>\n<p>[\/vc_column_text]<div style=\"clear:both; width:100%; height:30px\"><\/div>[\/vc_column_inner][\/vc_row_inner][\/vc_column][\/vc_row]<\/p>","protected":false},"excerpt":{"rendered":"<p>[vc_row css=&#8221;.vc_custom_1540484653733{margin-bottom: 30px !important;padding-right: 30px !important;padding-left: 30px !important;background-color: #ffffff !important;}&#8221;][vc_column][vc_row_inner][vc_column_inner][vc_column_text] Sempre que precisares de algum alimento para preparar a tua pr\u00f3pria receita, ter\u00e1s o Mini Mercado da Rosinha disposto para te fornecer os produtos mais frescos da ba\u00eda. Mini Mercado Amanhecer Seixal das 10h \u00e0s 21h [\/vc_column_text][vc_images_carousel images=&#8221;3116,3117&#8243; img_size=&#8221;medium&#8221; autoplay=&#8221;yes&#8221; hide_pagination_control=&#8221;yes&#8221; wrap=&#8221;yes&#8221;][\/vc_column_inner][\/vc_row_inner][\/vc_column][\/vc_row][vc_row css=&#8221;.vc_custom_1540484815791{margin-bottom: 30px !important;padding-right: [&hellip;]<\/p>\n","protected":false},"author":1,"featured_media":0,"parent":0,"menu_order":0,"comment_status":"closed","ping_status":"closed","template":"template\/template-homepage.php","meta":{"inline_featured_image":false,"footnotes":""},"_links":{"self":[{"href":"https:\/\/kaisdosol.pt\/pt\/wp-json\/wp\/v2\/pages\/2746"}],"collection":[{"href":"https:\/\/kaisdosol.pt\/pt\/wp-json\/wp\/v2\/pages"}],"about":[{"href":"https:\/\/kaisdosol.pt\/pt\/wp-json\/wp\/v2\/types\/page"}],"author":[{"embeddable":true,"href":"https:\/\/kaisdosol.pt\/pt\/wp-json\/wp\/v2\/users\/1"}],"replies":[{"embeddable":true,"href":"https:\/\/kaisdosol.pt\/pt\/wp-json\/wp\/v2\/comments?post=2746"}],"version-history":[{"count":15,"href":"https:\/\/kaisdosol.pt\/pt\/wp-json\/wp\/v2\/pages\/2746\/revisions"}],"predecessor-version":[{"id":3119,"href":"https:\/\/kaisdosol.pt\/pt\/wp-json\/wp\/v2\/pages\/2746\/revisions\/3119"}],"wp:attachment":[{"href":"https:\/\/kaisdosol.pt\/pt\/wp-json\/wp\/v2\/media?parent=2746"}],"curies":[{"name":"wp","href":"https:\/\/api.w.org\/{rel}","templated":true}]}}